{"id":263,"date":"2017-08-05T11:11:21","date_gmt":"2017-08-05T09:11:21","guid":{"rendered":"https:\/\/fontcouvertetennis.fr\/site\/?page_id=263"},"modified":"2025-12-01T21:34:09","modified_gmt":"2025-12-01T20:34:09","slug":"infos-pratiques","status":"publish","type":"page","link":"https:\/\/fontcouvertetennis.fr\/site\/infos-pratiques\/","title":{"rendered":"Infos pratiques"},"content":{"rendered":"<div id=\"pl-263\" class=\"panel-layout\">\n<div id=\"pg-263-0\" class=\"panel-grid panel-no-style\">\n<div id=\"pgc-263-0-0\" class=\"panel-grid-cell\" data-weight=\"1\">\n<div id=\"panel-263-0-0-0\" class=\"so-panel widget widget_sow-editor panel-first-child panel-last-child\" data-index=\"0\" data-style=\"{&quot;background_image_attachment&quot;:false,&quot;background_display&quot;:&quot;tile&quot;}\">\n<div class=\"so-widget-sow-editor so-widget-sow-editor-base\">\n<div class=\"siteorigin-widget-tinymce textwidget\">\n<h4>Retrouvez ici tous vos liens favoris et les informations pratiques du club.<\/h4>\n<h3>Le club<\/h3>\n<ul>\n<li>R\u00e9servation par internet des courts de tennis (Ten&rsquo;Up) : <a href=\"https:\/\/tenup.fft.fr\/\" target=\"_blank\" rel=\"noopener\">https:\/\/tenup.fft.fr\/<\/a><\/li>\n<li>R\u00e8glement int\u00e9rieur :\u00a0<a href=\"https:\/\/fontcouvertetennis.fr\/site\/wp-content\/uploads\/2025\/12\/REGLEMENT-INTERIEUR-FONTCOUVERTE-TENNIS-2025.pdf\">Lire le r\u00e8glement int\u00e9rieur<\/a><\/li>\n<\/ul>\n<h3>F\u00e9d\u00e9ration Fran\u00e7aise de Tennis<\/h3>\n<ul>\n<li>Ten&rsquo;Up : <a href=\"https:\/\/tenup.fft.fr\/\" target=\"_blank\" rel=\"noopener\">https:\/\/tenup.fft.fr\/<\/a><\/li>\n<li>Comit\u00e9 d\u00e9partemental de tennis :\u00a0<a href=\"http:\/\/www.comite.fft.fr\/charente-maritime\/\" target=\"_blank\" rel=\"noopener\">http:\/\/www.comite.fft.fr\/charente-maritime\/<\/a><\/li>\n<li>Gestion sportive (\u00e9quipes de tennis) :\u00a0<a href=\"http:\/\/www.gs.applipub-fft.fr\/fftfr\/\" target=\"_blank\" rel=\"noopener\">http:\/\/www.gs.applipub-fft.fr\/fftfr\/<\/a><\/li>\n<\/ul>\n<h3>Formulaires<\/h3>\n<ul>\n<li>Questionnaire de sant\u00e9 QS-SPORT :\u00a0<a href=\"https:\/\/www.service-public.fr\/particuliers\/vosdroits\/R47821\">https:\/\/www.service-public.fr\/particuliers\/vosdroits\/R47821<\/a><\/li>\n<\/ul>\n<\/div>\n<\/div>\n<\/div>\n<\/div>\n<\/div>\n<\/div>\n","protected":false},"excerpt":{"rendered":"<p>Retrouvez ici tous vos liens favoris et les informations pratiques du club. Le club R\u00e9servation par internet des courts de tennis (Ten&rsquo;Up) : https:\/\/tenup.fft.fr\/ R\u00e8glement int\u00e9rieur :\u00a0Lire le r\u00e8glement int\u00e9rieur F\u00e9d\u00e9ration Fran\u00e7aise de Tennis Ten&rsquo;Up : https:\/\/tenup.fft.fr\/ Comit\u00e9 d\u00e9partemental de tennis :\u00a0http:\/\/www.comite.fft.fr\/charente-maritime\/ Gestion sportive (\u00e9quipes de tennis) :\u00a0http:\/\/www.gs.applipub-fft.fr\/fftfr\/ Formulaires Questionnaire de sant\u00e9 QS-SPORT :\u00a0https:\/\/www.service-public.fr\/particuliers\/vosdroits\/R47821<\/p>\n","protected":false},"author":1,"featured_media":0,"parent":0,"menu_order":0,"comment_status":"closed","ping_status":"closed","template":"","meta":{"jetpack_post_was_ever_published":false,"footnotes":""},"class_list":["post-263","page","type-page","status-publish","hentry"],"yoast_head":"<!-- This site is optimized with the Yoast SEO plugin v25.4 - https:\/\/yoast.com\/wordpress\/plugins\/seo\/ -->\n<title>Infos pratiques &#8211; Fontcouverte Tennis<\/title>\n<meta name=\"robots\" content=\"index, follow, max-snippet:-1, max-image-preview:large, max-video-preview:-1\" \/>\n<link rel=\"canonical\" href=\"https:\/\/fontcouvertetennis.fr\/site\/infos-pratiques\/\" \/>\n<meta property=\"og:locale\" content=\"fr_FR\" \/>\n<meta property=\"og:type\" content=\"article\" \/>\n<meta property=\"og:title\" content=\"Infos pratiques &#8211; Fontcouverte Tennis\" \/>\n<meta property=\"og:description\" content=\"Retrouvez ici tous vos liens favoris et les informations pratiques du club. Le club R\u00e9servation par internet des courts de tennis (Ten&rsquo;Up) : https:\/\/tenup.fft.fr\/ R\u00e8glement int\u00e9rieur :\u00a0Lire le r\u00e8glement int\u00e9rieur F\u00e9d\u00e9ration Fran\u00e7aise de Tennis Ten&rsquo;Up : https:\/\/tenup.fft.fr\/ Comit\u00e9 d\u00e9partemental de tennis :\u00a0http:\/\/www.comite.fft.fr\/charente-maritime\/ Gestion sportive (\u00e9quipes de tennis) :\u00a0http:\/\/www.gs.applipub-fft.fr\/fftfr\/ Formulaires Questionnaire de sant\u00e9 QS-SPORT :\u00a0https:\/\/www.service-public.fr\/particuliers\/vosdroits\/R47821\" \/>\n<meta property=\"og:url\" content=\"https:\/\/fontcouvertetennis.fr\/site\/infos-pratiques\/\" \/>\n<meta property=\"og:site_name\" content=\"Fontcouverte Tennis\" \/>\n<meta property=\"article:modified_time\" content=\"2025-12-01T20:34:09+00:00\" \/>\n<meta name=\"twitter:card\" content=\"summary_large_image\" \/>\n<meta name=\"twitter:label1\" content=\"Dur\u00e9e de lecture estim\u00e9e\" \/>\n\t<meta name=\"twitter:data1\" content=\"1 minute\" \/>\n<script type=\"application\/ld+json\" class=\"yoast-schema-graph\">{\"@context\":\"https:\/\/schema.org\",\"@graph\":[{\"@type\":\"WebPage\",\"@id\":\"https:\/\/fontcouvertetennis.fr\/site\/infos-pratiques\/\",\"url\":\"https:\/\/fontcouvertetennis.fr\/site\/infos-pratiques\/\",\"name\":\"Infos pratiques &#8211; Fontcouverte Tennis\",\"isPartOf\":{\"@id\":\"https:\/\/fontcouvertetennis.fr\/site\/#website\"},\"datePublished\":\"2017-08-05T09:11:21+00:00\",\"dateModified\":\"2025-12-01T20:34:09+00:00\",\"breadcrumb\":{\"@id\":\"https:\/\/fontcouvertetennis.fr\/site\/infos-pratiques\/#breadcrumb\"},\"inLanguage\":\"fr-FR\",\"potentialAction\":[{\"@type\":\"ReadAction\",\"target\":[\"https:\/\/fontcouvertetennis.fr\/site\/infos-pratiques\/\"]}]},{\"@type\":\"BreadcrumbList\",\"@id\":\"https:\/\/fontcouvertetennis.fr\/site\/infos-pratiques\/#breadcrumb\",\"itemListElement\":[{\"@type\":\"ListItem\",\"position\":1,\"name\":\"Accueil\",\"item\":\"https:\/\/fontcouvertetennis.fr\/site\/\"},{\"@type\":\"ListItem\",\"position\":2,\"name\":\"Infos pratiques\"}]},{\"@type\":\"WebSite\",\"@id\":\"https:\/\/fontcouvertetennis.fr\/site\/#website\",\"url\":\"https:\/\/fontcouvertetennis.fr\/site\/\",\"name\":\"Fontcouverte Tennis\",\"description\":\"\",\"publisher\":{\"@id\":\"https:\/\/fontcouvertetennis.fr\/site\/#organization\"},\"potentialAction\":[{\"@type\":\"SearchAction\",\"target\":{\"@type\":\"EntryPoint\",\"urlTemplate\":\"https:\/\/fontcouvertetennis.fr\/site\/?s={search_term_string}\"},\"query-input\":{\"@type\":\"PropertyValueSpecification\",\"valueRequired\":true,\"valueName\":\"search_term_string\"}}],\"inLanguage\":\"fr-FR\"},{\"@type\":\"Organization\",\"@id\":\"https:\/\/fontcouvertetennis.fr\/site\/#organization\",\"name\":\"Fontcouverte Tennis\",\"url\":\"https:\/\/fontcouvertetennis.fr\/site\/\",\"logo\":{\"@type\":\"ImageObject\",\"inLanguage\":\"fr-FR\",\"@id\":\"https:\/\/fontcouvertetennis.fr\/site\/#\/schema\/logo\/image\/\",\"url\":\"https:\/\/i1.wp.com\/fontcouvertetennis.fr\/site\/wp-content\/uploads\/2017\/05\/fontcouvertetennis_petit-e1494704248107.jpg?fit=247%2C80&ssl=1\",\"contentUrl\":\"https:\/\/i1.wp.com\/fontcouvertetennis.fr\/site\/wp-content\/uploads\/2017\/05\/fontcouvertetennis_petit-e1494704248107.jpg?fit=247%2C80&ssl=1\",\"width\":247,\"height\":80,\"caption\":\"Fontcouverte Tennis\"},\"image\":{\"@id\":\"https:\/\/fontcouvertetennis.fr\/site\/#\/schema\/logo\/image\/\"}}]}<\/script>\n<!-- \/ Yoast SEO plugin. -->","yoast_head_json":{"title":"Infos pratiques &#8211; Fontcouverte Tennis","robots":{"index":"index","follow":"follow","max-snippet":"max-snippet:-1","max-image-preview":"max-image-preview:large","max-video-preview":"max-video-preview:-1"},"canonical":"https:\/\/fontcouvertetennis.fr\/site\/infos-pratiques\/","og_locale":"fr_FR","og_type":"article","og_title":"Infos pratiques &#8211; Fontcouverte Tennis","og_description":"Retrouvez ici tous vos liens favoris et les informations pratiques du club. Le club R\u00e9servation par internet des courts de tennis (Ten&rsquo;Up) : https:\/\/tenup.fft.fr\/ R\u00e8glement int\u00e9rieur :\u00a0Lire le r\u00e8glement int\u00e9rieur F\u00e9d\u00e9ration Fran\u00e7aise de Tennis Ten&rsquo;Up : https:\/\/tenup.fft.fr\/ Comit\u00e9 d\u00e9partemental de tennis :\u00a0http:\/\/www.comite.fft.fr\/charente-maritime\/ Gestion sportive (\u00e9quipes de tennis) :\u00a0http:\/\/www.gs.applipub-fft.fr\/fftfr\/ Formulaires Questionnaire de sant\u00e9 QS-SPORT :\u00a0https:\/\/www.service-public.fr\/particuliers\/vosdroits\/R47821","og_url":"https:\/\/fontcouvertetennis.fr\/site\/infos-pratiques\/","og_site_name":"Fontcouverte Tennis","article_modified_time":"2025-12-01T20:34:09+00:00","twitter_card":"summary_large_image","twitter_misc":{"Dur\u00e9e de lecture estim\u00e9e":"1 minute"},"schema":{"@context":"https:\/\/schema.org","@graph":[{"@type":"WebPage","@id":"https:\/\/fontcouvertetennis.fr\/site\/infos-pratiques\/","url":"https:\/\/fontcouvertetennis.fr\/site\/infos-pratiques\/","name":"Infos pratiques &#8211; Fontcouverte Tennis","isPartOf":{"@id":"https:\/\/fontcouvertetennis.fr\/site\/#website"},"datePublished":"2017-08-05T09:11:21+00:00","dateModified":"2025-12-01T20:34:09+00:00","breadcrumb":{"@id":"https:\/\/fontcouvertetennis.fr\/site\/infos-pratiques\/#breadcrumb"},"inLanguage":"fr-FR","potentialAction":[{"@type":"ReadAction","target":["https:\/\/fontcouvertetennis.fr\/site\/infos-pratiques\/"]}]},{"@type":"BreadcrumbList","@id":"https:\/\/fontcouvertetennis.fr\/site\/infos-pratiques\/#breadcrumb","itemListElement":[{"@type":"ListItem","position":1,"name":"Accueil","item":"https:\/\/fontcouvertetennis.fr\/site\/"},{"@type":"ListItem","position":2,"name":"Infos pratiques"}]},{"@type":"WebSite","@id":"https:\/\/fontcouvertetennis.fr\/site\/#website","url":"https:\/\/fontcouvertetennis.fr\/site\/","name":"Fontcouverte Tennis","description":"","publisher":{"@id":"https:\/\/fontcouvertetennis.fr\/site\/#organization"},"potentialAction":[{"@type":"SearchAction","target":{"@type":"EntryPoint","urlTemplate":"https:\/\/fontcouvertetennis.fr\/site\/?s={search_term_string}"},"query-input":{"@type":"PropertyValueSpecification","valueRequired":true,"valueName":"search_term_string"}}],"inLanguage":"fr-FR"},{"@type":"Organization","@id":"https:\/\/fontcouvertetennis.fr\/site\/#organization","name":"Fontcouverte Tennis","url":"https:\/\/fontcouvertetennis.fr\/site\/","logo":{"@type":"ImageObject","inLanguage":"fr-FR","@id":"https:\/\/fontcouvertetennis.fr\/site\/#\/schema\/logo\/image\/","url":"https:\/\/i1.wp.com\/fontcouvertetennis.fr\/site\/wp-content\/uploads\/2017\/05\/fontcouvertetennis_petit-e1494704248107.jpg?fit=247%2C80&ssl=1","contentUrl":"https:\/\/i1.wp.com\/fontcouvertetennis.fr\/site\/wp-content\/uploads\/2017\/05\/fontcouvertetennis_petit-e1494704248107.jpg?fit=247%2C80&ssl=1","width":247,"height":80,"caption":"Fontcouverte Tennis"},"image":{"@id":"https:\/\/fontcouvertetennis.fr\/site\/#\/schema\/logo\/image\/"}}]}},"jetpack_shortlink":"https:\/\/wp.me\/P8JrhP-4f","jetpack_sharing_enabled":true,"_links":{"self":[{"href":"https:\/\/fontcouvertetennis.fr\/site\/wp-json\/wp\/v2\/pages\/263","targetHints":{"allow":["GET"]}}],"collection":[{"href":"https:\/\/fontcouvertetennis.fr\/site\/wp-json\/wp\/v2\/pages"}],"about":[{"href":"https:\/\/fontcouvertetennis.fr\/site\/wp-json\/wp\/v2\/types\/page"}],"author":[{"embeddable":true,"href":"https:\/\/fontcouvertetennis.fr\/site\/wp-json\/wp\/v2\/users\/1"}],"replies":[{"embeddable":true,"href":"https:\/\/fontcouvertetennis.fr\/site\/wp-json\/wp\/v2\/comments?post=263"}],"version-history":[{"count":23,"href":"https:\/\/fontcouvertetennis.fr\/site\/wp-json\/wp\/v2\/pages\/263\/revisions"}],"predecessor-version":[{"id":1366,"href":"https:\/\/fontcouvertetennis.fr\/site\/wp-json\/wp\/v2\/pages\/263\/revisions\/1366"}],"wp:attachment":[{"href":"https:\/\/fontcouvertetennis.fr\/site\/wp-json\/wp\/v2\/media?parent=263"}],"curies":[{"name":"wp","href":"https:\/\/api.w.org\/{rel}","templated":true}]}}