{"id":369,"date":"2017-10-15T19:05:22","date_gmt":"2017-10-15T17:05:22","guid":{"rendered":"https:\/\/fontcouvertetennis.fr\/site\/?page_id=369"},"modified":"2018-10-20T14:19:41","modified_gmt":"2018-10-20T12:19:41","slug":"tournois-senior","status":"publish","type":"page","link":"https:\/\/fontcouvertetennis.fr\/site\/competitions\/tournois-senior\/","title":{"rendered":"Tournois senior"},"content":{"rendered":"<div id=\"pl-369\"  class=\"panel-layout\" ><div id=\"pg-369-0\"  class=\"panel-grid panel-no-style\" ><div id=\"pgc-369-0-0\"  class=\"panel-grid-cell\" ><div id=\"panel-369-0-0-0\" class=\"so-panel widget widget_sow-editor panel-first-child\" data-index=\"0\" ><div\n\t\t\t\n\t\t\tclass=\"so-widget-sow-editor so-widget-sow-editor-base\"\n\t\t\t\n\t\t><h3 class=\"widget-title\">Liste des prochains tournois<\/h3>\n<div class=\"siteorigin-widget-tinymce textwidget\">\n\t<p>Retrouvez la liste des tournois de printemps senior et senior + :<\/p>\n<\/div>\n<\/div><\/div><div id=\"panel-369-0-0-1\" class=\"so-panel widget widget_sow-headline panel-last-child\" data-index=\"1\" ><div\n\t\t\t\n\t\t\tclass=\"so-widget-sow-headline so-widget-sow-headline-default-18b6326aca62-369\"\n\t\t\t\n\t\t><div class=\"sow-headline-container \">\n\t\t\t\t\t\t\t<h3 class=\"sow-headline\">\n\t\t\t\t\t\tTournois \u00e0 venir\t\t\t\t\t\t<\/h3>\n\t\t\t\t\t\t<\/div>\n<\/div><\/div><\/div><\/div><div id=\"pg-369-1\"  class=\"panel-grid panel-has-style\" ><div class=\"panel-row-style panel-row-style-for-369-1\" ><div id=\"pgc-369-1-0\"  class=\"panel-grid-cell\" ><div id=\"panel-369-1-0-0\" class=\"so-panel widget widget_sow-editor panel-first-child panel-last-child\" data-index=\"2\" ><div\n\t\t\t\n\t\t\tclass=\"so-widget-sow-editor so-widget-sow-editor-base\"\n\t\t\t\n\t\t>\n<div class=\"siteorigin-widget-tinymce textwidget\">\n\t<h3><strong>Tournoi Open - ATC JONZAC<\/strong><\/h3>\n<h4><strong>Du lundi 22 octobre 2018 au samedi 3 novembre 2018<\/strong><\/h4>\n<ul>\n<li><strong>Classement : Open<\/strong><\/li>\n<li><strong>Cat\u00e9gories :<\/strong>\n<ul>\n<li>Simple Messieurs s\u00e9nior et +35 ans<\/li>\n<li>Simple Dames s\u00e9nior et +35 ans<\/li>\n<\/ul>\n<\/li>\n<li><strong>Tarifs:<\/strong>\n<ul>\n<li>Adultes :\n<ul>\n<li>1 tableau : 13 \u20ac<\/li>\n<li>2 tableaux : 20 \u20ac<\/li>\n<\/ul>\n<\/li>\n<li>Jeunes : 8 \u20ac<\/li>\n<\/ul>\n<\/li>\n<li><strong>Inscription :<\/strong>\n<ul>\n<li>Plus d'informations dans l'affiche ci-contre.<\/li>\n<\/ul>\n<\/li>\n<\/ul>\n<\/div>\n<\/div><\/div><\/div><div id=\"pgc-369-1-1\"  class=\"panel-grid-cell\" ><div id=\"panel-369-1-1-0\" class=\"so-panel widget widget_sow-editor panel-first-child panel-last-child\" data-index=\"3\" ><div\n\t\t\t\n\t\t\tclass=\"so-widget-sow-editor so-widget-sow-editor-base\"\n\t\t\t\n\t\t>\n<div class=\"siteorigin-widget-tinymce textwidget\">\n\t<div id=\"attachment_898\" style=\"width: 116px\" class=\"wp-caption aligncenter\"><a href=\"https:\/\/fontcouvertetennis.fr\/site\/wp-content\/uploads\/2018\/10\/affiche_tournoi_octobre_2018_jonzac.pdf\"><img aria-describedby=\"caption-attachment-898\" data-recalc-dims=\"1\" loading=\"lazy\" decoding=\"async\" class=\"size-thumbnail wp-image-898\" src=\"https:\/\/i0.wp.com\/fontcouvertetennis.fr\/site\/wp-content\/uploads\/2018\/10\/affiche_tournoi_octobre_2018_jonzac-pdf.jpg?resize=106%2C150&#038;ssl=1\" srcset=\"\" alt=\"Affiche ATC Jonzac\" width=\"106\" height=\"150\" \/><\/a><p id=\"caption-attachment-898\" class=\"wp-caption-text\">Affiche<\/p><\/div>\n<\/div>\n<\/div><\/div><\/div><\/div><\/div><\/div>","protected":false},"excerpt":{"rendered":"<p>Retrouvez la liste des tournois de printemps senior et senior + : Tournoi Open &#8211; ATC JONZAC Du lundi 22 octobre 2018 au samedi 3 novembre 2018 Classement : Open Cat\u00e9gories : Simple Messieurs s\u00e9nior et +35 ans Simple Dames s\u00e9nior et +35 ans Tarifs: Adultes : 1 tableau : 13 \u20ac 2 tableaux : [&hellip;]<\/p>\n","protected":false},"author":1,"featured_media":0,"parent":496,"menu_order":0,"comment_status":"closed","ping_status":"closed","template":"","meta":{"jetpack_post_was_ever_published":false,"footnotes":""},"class_list":["post-369","page","type-page","status-publish","hentry"],"yoast_head":"<!-- This site is optimized with the Yoast SEO plugin v25.4 - https:\/\/yoast.com\/wordpress\/plugins\/seo\/ -->\n<title>Tournois senior &#8211; Fontcouverte Tennis<\/title>\n<meta name=\"description\" content=\"Toutes les informations sur les comp\u00e9titions s\u00e9nior \u00e0 venir. Championnat individuel d\u00e9partemental, tournois, etc.\" \/>\n<meta name=\"robots\" content=\"index, follow, max-snippet:-1, max-image-preview:large, max-video-preview:-1\" \/>\n<link rel=\"canonical\" href=\"https:\/\/fontcouvertetennis.fr\/site\/competitions\/tournois-senior\/\" \/>\n<meta property=\"og:locale\" content=\"fr_FR\" \/>\n<meta property=\"og:type\" content=\"article\" \/>\n<meta property=\"og:title\" content=\"Tournois senior &#8211; Fontcouverte Tennis\" \/>\n<meta property=\"og:description\" content=\"Toutes les informations sur les comp\u00e9titions s\u00e9nior \u00e0 venir. Championnat individuel d\u00e9partemental, tournois, etc.\" \/>\n<meta property=\"og:url\" content=\"https:\/\/fontcouvertetennis.fr\/site\/competitions\/tournois-senior\/\" \/>\n<meta property=\"og:site_name\" content=\"Fontcouverte Tennis\" \/>\n<meta property=\"article:modified_time\" content=\"2018-10-20T12:19:41+00:00\" \/>\n<meta property=\"og:image\" content=\"https:\/\/fontcouvertetennis.fr\/site\/wp-content\/uploads\/2018\/10\/affiche_tournoi_octobre_2018_jonzac-pdf-106x150.jpg\" \/>\n<meta name=\"twitter:card\" content=\"summary_large_image\" \/>\n<script type=\"application\/ld+json\" class=\"yoast-schema-graph\">{\"@context\":\"https:\/\/schema.org\",\"@graph\":[{\"@type\":\"WebPage\",\"@id\":\"https:\/\/fontcouvertetennis.fr\/site\/competitions\/tournois-senior\/\",\"url\":\"https:\/\/fontcouvertetennis.fr\/site\/competitions\/tournois-senior\/\",\"name\":\"Tournois senior &#8211; Fontcouverte Tennis\",\"isPartOf\":{\"@id\":\"https:\/\/fontcouvertetennis.fr\/site\/#website\"},\"primaryImageOfPage\":{\"@id\":\"https:\/\/fontcouvertetennis.fr\/site\/competitions\/tournois-senior\/#primaryimage\"},\"image\":{\"@id\":\"https:\/\/fontcouvertetennis.fr\/site\/competitions\/tournois-senior\/#primaryimage\"},\"thumbnailUrl\":\"https:\/\/fontcouvertetennis.fr\/site\/wp-content\/uploads\/2018\/10\/affiche_tournoi_octobre_2018_jonzac-pdf-106x150.jpg\",\"datePublished\":\"2017-10-15T17:05:22+00:00\",\"dateModified\":\"2018-10-20T12:19:41+00:00\",\"description\":\"Toutes les informations sur les comp\u00e9titions s\u00e9nior \u00e0 venir. Championnat individuel d\u00e9partemental, tournois, etc.\",\"breadcrumb\":{\"@id\":\"https:\/\/fontcouvertetennis.fr\/site\/competitions\/tournois-senior\/#breadcrumb\"},\"inLanguage\":\"fr-FR\",\"potentialAction\":[{\"@type\":\"ReadAction\",\"target\":[\"https:\/\/fontcouvertetennis.fr\/site\/competitions\/tournois-senior\/\"]}]},{\"@type\":\"ImageObject\",\"inLanguage\":\"fr-FR\",\"@id\":\"https:\/\/fontcouvertetennis.fr\/site\/competitions\/tournois-senior\/#primaryimage\",\"url\":\"https:\/\/fontcouvertetennis.fr\/site\/wp-content\/uploads\/2018\/10\/affiche_tournoi_octobre_2018_jonzac-pdf-106x150.jpg\",\"contentUrl\":\"https:\/\/fontcouvertetennis.fr\/site\/wp-content\/uploads\/2018\/10\/affiche_tournoi_octobre_2018_jonzac-pdf-106x150.jpg\"},{\"@type\":\"BreadcrumbList\",\"@id\":\"https:\/\/fontcouvertetennis.fr\/site\/competitions\/tournois-senior\/#breadcrumb\",\"itemListElement\":[{\"@type\":\"ListItem\",\"position\":1,\"name\":\"Accueil\",\"item\":\"https:\/\/fontcouvertetennis.fr\/site\/\"},{\"@type\":\"ListItem\",\"position\":2,\"name\":\"Informations g\u00e9n\u00e9rales comp\u00e9titions\",\"item\":\"https:\/\/fontcouvertetennis.fr\/site\/competitions\/\"},{\"@type\":\"ListItem\",\"position\":3,\"name\":\"Tournois senior\"}]},{\"@type\":\"WebSite\",\"@id\":\"https:\/\/fontcouvertetennis.fr\/site\/#website\",\"url\":\"https:\/\/fontcouvertetennis.fr\/site\/\",\"name\":\"Fontcouverte Tennis\",\"description\":\"\",\"publisher\":{\"@id\":\"https:\/\/fontcouvertetennis.fr\/site\/#organization\"},\"potentialAction\":[{\"@type\":\"SearchAction\",\"target\":{\"@type\":\"EntryPoint\",\"urlTemplate\":\"https:\/\/fontcouvertetennis.fr\/site\/?s={search_term_string}\"},\"query-input\":{\"@type\":\"PropertyValueSpecification\",\"valueRequired\":true,\"valueName\":\"search_term_string\"}}],\"inLanguage\":\"fr-FR\"},{\"@type\":\"Organization\",\"@id\":\"https:\/\/fontcouvertetennis.fr\/site\/#organization\",\"name\":\"Fontcouverte Tennis\",\"url\":\"https:\/\/fontcouvertetennis.fr\/site\/\",\"logo\":{\"@type\":\"ImageObject\",\"inLanguage\":\"fr-FR\",\"@id\":\"https:\/\/fontcouvertetennis.fr\/site\/#\/schema\/logo\/image\/\",\"url\":\"https:\/\/i1.wp.com\/fontcouvertetennis.fr\/site\/wp-content\/uploads\/2017\/05\/fontcouvertetennis_petit-e1494704248107.jpg?fit=247%2C80&ssl=1\",\"contentUrl\":\"https:\/\/i1.wp.com\/fontcouvertetennis.fr\/site\/wp-content\/uploads\/2017\/05\/fontcouvertetennis_petit-e1494704248107.jpg?fit=247%2C80&ssl=1\",\"width\":247,\"height\":80,\"caption\":\"Fontcouverte Tennis\"},\"image\":{\"@id\":\"https:\/\/fontcouvertetennis.fr\/site\/#\/schema\/logo\/image\/\"}}]}<\/script>\n<!-- \/ Yoast SEO plugin. -->","yoast_head_json":{"title":"Tournois senior &#8211; Fontcouverte Tennis","description":"Toutes les informations sur les comp\u00e9titions s\u00e9nior \u00e0 venir. Championnat individuel d\u00e9partemental, tournois, etc.","robots":{"index":"index","follow":"follow","max-snippet":"max-snippet:-1","max-image-preview":"max-image-preview:large","max-video-preview":"max-video-preview:-1"},"canonical":"https:\/\/fontcouvertetennis.fr\/site\/competitions\/tournois-senior\/","og_locale":"fr_FR","og_type":"article","og_title":"Tournois senior &#8211; Fontcouverte Tennis","og_description":"Toutes les informations sur les comp\u00e9titions s\u00e9nior \u00e0 venir. Championnat individuel d\u00e9partemental, tournois, etc.","og_url":"https:\/\/fontcouvertetennis.fr\/site\/competitions\/tournois-senior\/","og_site_name":"Fontcouverte Tennis","article_modified_time":"2018-10-20T12:19:41+00:00","og_image":[{"url":"https:\/\/fontcouvertetennis.fr\/site\/wp-content\/uploads\/2018\/10\/affiche_tournoi_octobre_2018_jonzac-pdf-106x150.jpg","type":"","width":"","height":""}],"twitter_card":"summary_large_image","schema":{"@context":"https:\/\/schema.org","@graph":[{"@type":"WebPage","@id":"https:\/\/fontcouvertetennis.fr\/site\/competitions\/tournois-senior\/","url":"https:\/\/fontcouvertetennis.fr\/site\/competitions\/tournois-senior\/","name":"Tournois senior &#8211; Fontcouverte Tennis","isPartOf":{"@id":"https:\/\/fontcouvertetennis.fr\/site\/#website"},"primaryImageOfPage":{"@id":"https:\/\/fontcouvertetennis.fr\/site\/competitions\/tournois-senior\/#primaryimage"},"image":{"@id":"https:\/\/fontcouvertetennis.fr\/site\/competitions\/tournois-senior\/#primaryimage"},"thumbnailUrl":"https:\/\/fontcouvertetennis.fr\/site\/wp-content\/uploads\/2018\/10\/affiche_tournoi_octobre_2018_jonzac-pdf-106x150.jpg","datePublished":"2017-10-15T17:05:22+00:00","dateModified":"2018-10-20T12:19:41+00:00","description":"Toutes les informations sur les comp\u00e9titions s\u00e9nior \u00e0 venir. Championnat individuel d\u00e9partemental, tournois, etc.","breadcrumb":{"@id":"https:\/\/fontcouvertetennis.fr\/site\/competitions\/tournois-senior\/#breadcrumb"},"inLanguage":"fr-FR","potentialAction":[{"@type":"ReadAction","target":["https:\/\/fontcouvertetennis.fr\/site\/competitions\/tournois-senior\/"]}]},{"@type":"ImageObject","inLanguage":"fr-FR","@id":"https:\/\/fontcouvertetennis.fr\/site\/competitions\/tournois-senior\/#primaryimage","url":"https:\/\/fontcouvertetennis.fr\/site\/wp-content\/uploads\/2018\/10\/affiche_tournoi_octobre_2018_jonzac-pdf-106x150.jpg","contentUrl":"https:\/\/fontcouvertetennis.fr\/site\/wp-content\/uploads\/2018\/10\/affiche_tournoi_octobre_2018_jonzac-pdf-106x150.jpg"},{"@type":"BreadcrumbList","@id":"https:\/\/fontcouvertetennis.fr\/site\/competitions\/tournois-senior\/#breadcrumb","itemListElement":[{"@type":"ListItem","position":1,"name":"Accueil","item":"https:\/\/fontcouvertetennis.fr\/site\/"},{"@type":"ListItem","position":2,"name":"Informations g\u00e9n\u00e9rales comp\u00e9titions","item":"https:\/\/fontcouvertetennis.fr\/site\/competitions\/"},{"@type":"ListItem","position":3,"name":"Tournois senior"}]},{"@type":"WebSite","@id":"https:\/\/fontcouvertetennis.fr\/site\/#website","url":"https:\/\/fontcouvertetennis.fr\/site\/","name":"Fontcouverte Tennis","description":"","publisher":{"@id":"https:\/\/fontcouvertetennis.fr\/site\/#organization"},"potentialAction":[{"@type":"SearchAction","target":{"@type":"EntryPoint","urlTemplate":"https:\/\/fontcouvertetennis.fr\/site\/?s={search_term_string}"},"query-input":{"@type":"PropertyValueSpecification","valueRequired":true,"valueName":"search_term_string"}}],"inLanguage":"fr-FR"},{"@type":"Organization","@id":"https:\/\/fontcouvertetennis.fr\/site\/#organization","name":"Fontcouverte Tennis","url":"https:\/\/fontcouvertetennis.fr\/site\/","logo":{"@type":"ImageObject","inLanguage":"fr-FR","@id":"https:\/\/fontcouvertetennis.fr\/site\/#\/schema\/logo\/image\/","url":"https:\/\/i1.wp.com\/fontcouvertetennis.fr\/site\/wp-content\/uploads\/2017\/05\/fontcouvertetennis_petit-e1494704248107.jpg?fit=247%2C80&ssl=1","contentUrl":"https:\/\/i1.wp.com\/fontcouvertetennis.fr\/site\/wp-content\/uploads\/2017\/05\/fontcouvertetennis_petit-e1494704248107.jpg?fit=247%2C80&ssl=1","width":247,"height":80,"caption":"Fontcouverte Tennis"},"image":{"@id":"https:\/\/fontcouvertetennis.fr\/site\/#\/schema\/logo\/image\/"}}]}},"jetpack_shortlink":"https:\/\/wp.me\/P8JrhP-5X","jetpack_sharing_enabled":true,"_links":{"self":[{"href":"https:\/\/fontcouvertetennis.fr\/site\/wp-json\/wp\/v2\/pages\/369","targetHints":{"allow":["GET"]}}],"collection":[{"href":"https:\/\/fontcouvertetennis.fr\/site\/wp-json\/wp\/v2\/pages"}],"about":[{"href":"https:\/\/fontcouvertetennis.fr\/site\/wp-json\/wp\/v2\/types\/page"}],"author":[{"embeddable":true,"href":"https:\/\/fontcouvertetennis.fr\/site\/wp-json\/wp\/v2\/users\/1"}],"replies":[{"embeddable":true,"href":"https:\/\/fontcouvertetennis.fr\/site\/wp-json\/wp\/v2\/comments?post=369"}],"version-history":[{"count":150,"href":"https:\/\/fontcouvertetennis.fr\/site\/wp-json\/wp\/v2\/pages\/369\/revisions"}],"predecessor-version":[{"id":491,"href":"https:\/\/fontcouvertetennis.fr\/site\/wp-json\/wp\/v2\/pages\/369\/revisions\/491"}],"up":[{"embeddable":true,"href":"https:\/\/fontcouvertetennis.fr\/site\/wp-json\/wp\/v2\/pages\/496"}],"wp:attachment":[{"href":"https:\/\/fontcouvertetennis.fr\/site\/wp-json\/wp\/v2\/media?parent=369"}],"curies":[{"name":"wp","href":"https:\/\/api.w.org\/{rel}","templated":true}]}}