{"id":487,"date":"2017-10-15T19:43:23","date_gmt":"2017-10-15T17:43:23","guid":{"rendered":"https:\/\/fontcouvertetennis.fr\/site\/?page_id=487"},"modified":"2018-10-20T14:21:16","modified_gmt":"2018-10-20T12:21:16","slug":"tournois-jeunes","status":"publish","type":"page","link":"https:\/\/fontcouvertetennis.fr\/site\/competitions\/tournois-jeunes\/","title":{"rendered":"Tournois jeunes"},"content":{"rendered":"<div id=\"pl-487\"  class=\"panel-layout\" ><div id=\"pg-487-0\"  class=\"panel-grid panel-no-style\" ><div id=\"pgc-487-0-0\"  class=\"panel-grid-cell\" ><div id=\"panel-487-0-0-0\" class=\"so-panel widget widget_siteorigin-panels-builder panel-first-child\" data-index=\"0\" ><div id=\"pl-w5bcb1dbc26155\"  class=\"panel-layout\" ><div id=\"pg-w5bcb1dbc26155-0\"  class=\"panel-grid panel-no-style\" ><div id=\"pgc-w5bcb1dbc26155-0-0\"  class=\"panel-grid-cell\" ><div id=\"panel-w5bcb1dbc26155-0-0-0\" class=\"so-panel widget widget_sow-headline panel-first-child panel-last-child\" data-index=\"0\" ><div\n\t\t\t\n\t\t\tclass=\"so-widget-sow-headline so-widget-sow-headline-default-2262d4bc156d\"\n\t\t\t\n\t\t><div class=\"sow-headline-container \">\n\t\t\t\t\t\t\t<h3 class=\"sow-headline\">\n\t\t\t\t\t\tListe des prochains tournois\t\t\t\t\t\t<\/h3>\n\t\t\t\t\t\t<\/div>\n<\/div><\/div><\/div><\/div><\/div><\/div><div id=\"panel-487-0-0-1\" class=\"so-panel widget widget_sow-headline panel-last-child\" data-index=\"1\" ><div\n\t\t\t\n\t\t\tclass=\"so-widget-sow-headline so-widget-sow-headline-default-2262d4bc156d-487\"\n\t\t\t\n\t\t><div class=\"sow-headline-container \">\n\t\t\t\t\t\t\t<h3 class=\"sow-headline\">\n\t\t\t\t\t\tTournois \u00e0 venir\t\t\t\t\t\t<\/h3>\n\t\t\t\t\t\t<\/div>\n<\/div><\/div><\/div><\/div><\/div>","protected":false},"excerpt":{"rendered":"<p>Liste des prochains tournois Tournois \u00e0 venir<\/p>\n","protected":false},"author":1,"featured_media":0,"parent":496,"menu_order":0,"comment_status":"closed","ping_status":"closed","template":"","meta":{"jetpack_post_was_ever_published":false,"footnotes":""},"class_list":["post-487","page","type-page","status-publish","hentry"],"yoast_head":"<!-- This site is optimized with the Yoast SEO plugin v25.4 - https:\/\/yoast.com\/wordpress\/plugins\/seo\/ -->\n<title>Tournois jeunes &#8211; Fontcouverte Tennis<\/title>\n<meta name=\"description\" content=\"Toutes les informations sur les comp\u00e9titions jeunes \u00e0 venir. Championnat individuel d\u00e9partemental, tournois, etc.\" \/>\n<meta name=\"robots\" content=\"index, follow, max-snippet:-1, max-image-preview:large, max-video-preview:-1\" \/>\n<link rel=\"canonical\" href=\"https:\/\/fontcouvertetennis.fr\/site\/competitions\/tournois-jeunes\/\" \/>\n<meta property=\"og:locale\" content=\"fr_FR\" \/>\n<meta property=\"og:type\" content=\"article\" \/>\n<meta property=\"og:title\" content=\"Tournois jeunes &#8211; Fontcouverte Tennis\" \/>\n<meta property=\"og:description\" content=\"Toutes les informations sur les comp\u00e9titions jeunes \u00e0 venir. Championnat individuel d\u00e9partemental, tournois, etc.\" \/>\n<meta property=\"og:url\" content=\"https:\/\/fontcouvertetennis.fr\/site\/competitions\/tournois-jeunes\/\" \/>\n<meta property=\"og:site_name\" content=\"Fontcouverte Tennis\" \/>\n<meta property=\"article:modified_time\" content=\"2018-10-20T12:21:16+00:00\" \/>\n<meta name=\"twitter:card\" content=\"summary_large_image\" \/>\n<script type=\"application\/ld+json\" class=\"yoast-schema-graph\">{\"@context\":\"https:\/\/schema.org\",\"@graph\":[{\"@type\":\"WebPage\",\"@id\":\"https:\/\/fontcouvertetennis.fr\/site\/competitions\/tournois-jeunes\/\",\"url\":\"https:\/\/fontcouvertetennis.fr\/site\/competitions\/tournois-jeunes\/\",\"name\":\"Tournois jeunes &#8211; Fontcouverte Tennis\",\"isPartOf\":{\"@id\":\"https:\/\/fontcouvertetennis.fr\/site\/#website\"},\"datePublished\":\"2017-10-15T17:43:23+00:00\",\"dateModified\":\"2018-10-20T12:21:16+00:00\",\"description\":\"Toutes les informations sur les comp\u00e9titions jeunes \u00e0 venir. Championnat individuel d\u00e9partemental, tournois, etc.\",\"breadcrumb\":{\"@id\":\"https:\/\/fontcouvertetennis.fr\/site\/competitions\/tournois-jeunes\/#breadcrumb\"},\"inLanguage\":\"fr-FR\",\"potentialAction\":[{\"@type\":\"ReadAction\",\"target\":[\"https:\/\/fontcouvertetennis.fr\/site\/competitions\/tournois-jeunes\/\"]}]},{\"@type\":\"BreadcrumbList\",\"@id\":\"https:\/\/fontcouvertetennis.fr\/site\/competitions\/tournois-jeunes\/#breadcrumb\",\"itemListElement\":[{\"@type\":\"ListItem\",\"position\":1,\"name\":\"Accueil\",\"item\":\"https:\/\/fontcouvertetennis.fr\/site\/\"},{\"@type\":\"ListItem\",\"position\":2,\"name\":\"Informations g\u00e9n\u00e9rales comp\u00e9titions\",\"item\":\"https:\/\/fontcouvertetennis.fr\/site\/competitions\/\"},{\"@type\":\"ListItem\",\"position\":3,\"name\":\"Tournois jeunes\"}]},{\"@type\":\"WebSite\",\"@id\":\"https:\/\/fontcouvertetennis.fr\/site\/#website\",\"url\":\"https:\/\/fontcouvertetennis.fr\/site\/\",\"name\":\"Fontcouverte Tennis\",\"description\":\"\",\"publisher\":{\"@id\":\"https:\/\/fontcouvertetennis.fr\/site\/#organization\"},\"potentialAction\":[{\"@type\":\"SearchAction\",\"target\":{\"@type\":\"EntryPoint\",\"urlTemplate\":\"https:\/\/fontcouvertetennis.fr\/site\/?s={search_term_string}\"},\"query-input\":{\"@type\":\"PropertyValueSpecification\",\"valueRequired\":true,\"valueName\":\"search_term_string\"}}],\"inLanguage\":\"fr-FR\"},{\"@type\":\"Organization\",\"@id\":\"https:\/\/fontcouvertetennis.fr\/site\/#organization\",\"name\":\"Fontcouverte Tennis\",\"url\":\"https:\/\/fontcouvertetennis.fr\/site\/\",\"logo\":{\"@type\":\"ImageObject\",\"inLanguage\":\"fr-FR\",\"@id\":\"https:\/\/fontcouvertetennis.fr\/site\/#\/schema\/logo\/image\/\",\"url\":\"https:\/\/i1.wp.com\/fontcouvertetennis.fr\/site\/wp-content\/uploads\/2017\/05\/fontcouvertetennis_petit-e1494704248107.jpg?fit=247%2C80&ssl=1\",\"contentUrl\":\"https:\/\/i1.wp.com\/fontcouvertetennis.fr\/site\/wp-content\/uploads\/2017\/05\/fontcouvertetennis_petit-e1494704248107.jpg?fit=247%2C80&ssl=1\",\"width\":247,\"height\":80,\"caption\":\"Fontcouverte Tennis\"},\"image\":{\"@id\":\"https:\/\/fontcouvertetennis.fr\/site\/#\/schema\/logo\/image\/\"}}]}<\/script>\n<!-- \/ Yoast SEO plugin. -->","yoast_head_json":{"title":"Tournois jeunes &#8211; Fontcouverte Tennis","description":"Toutes les informations sur les comp\u00e9titions jeunes \u00e0 venir. Championnat individuel d\u00e9partemental, tournois, etc.","robots":{"index":"index","follow":"follow","max-snippet":"max-snippet:-1","max-image-preview":"max-image-preview:large","max-video-preview":"max-video-preview:-1"},"canonical":"https:\/\/fontcouvertetennis.fr\/site\/competitions\/tournois-jeunes\/","og_locale":"fr_FR","og_type":"article","og_title":"Tournois jeunes &#8211; Fontcouverte Tennis","og_description":"Toutes les informations sur les comp\u00e9titions jeunes \u00e0 venir. Championnat individuel d\u00e9partemental, tournois, etc.","og_url":"https:\/\/fontcouvertetennis.fr\/site\/competitions\/tournois-jeunes\/","og_site_name":"Fontcouverte Tennis","article_modified_time":"2018-10-20T12:21:16+00:00","twitter_card":"summary_large_image","schema":{"@context":"https:\/\/schema.org","@graph":[{"@type":"WebPage","@id":"https:\/\/fontcouvertetennis.fr\/site\/competitions\/tournois-jeunes\/","url":"https:\/\/fontcouvertetennis.fr\/site\/competitions\/tournois-jeunes\/","name":"Tournois jeunes &#8211; Fontcouverte Tennis","isPartOf":{"@id":"https:\/\/fontcouvertetennis.fr\/site\/#website"},"datePublished":"2017-10-15T17:43:23+00:00","dateModified":"2018-10-20T12:21:16+00:00","description":"Toutes les informations sur les comp\u00e9titions jeunes \u00e0 venir. Championnat individuel d\u00e9partemental, tournois, etc.","breadcrumb":{"@id":"https:\/\/fontcouvertetennis.fr\/site\/competitions\/tournois-jeunes\/#breadcrumb"},"inLanguage":"fr-FR","potentialAction":[{"@type":"ReadAction","target":["https:\/\/fontcouvertetennis.fr\/site\/competitions\/tournois-jeunes\/"]}]},{"@type":"BreadcrumbList","@id":"https:\/\/fontcouvertetennis.fr\/site\/competitions\/tournois-jeunes\/#breadcrumb","itemListElement":[{"@type":"ListItem","position":1,"name":"Accueil","item":"https:\/\/fontcouvertetennis.fr\/site\/"},{"@type":"ListItem","position":2,"name":"Informations g\u00e9n\u00e9rales comp\u00e9titions","item":"https:\/\/fontcouvertetennis.fr\/site\/competitions\/"},{"@type":"ListItem","position":3,"name":"Tournois jeunes"}]},{"@type":"WebSite","@id":"https:\/\/fontcouvertetennis.fr\/site\/#website","url":"https:\/\/fontcouvertetennis.fr\/site\/","name":"Fontcouverte Tennis","description":"","publisher":{"@id":"https:\/\/fontcouvertetennis.fr\/site\/#organization"},"potentialAction":[{"@type":"SearchAction","target":{"@type":"EntryPoint","urlTemplate":"https:\/\/fontcouvertetennis.fr\/site\/?s={search_term_string}"},"query-input":{"@type":"PropertyValueSpecification","valueRequired":true,"valueName":"search_term_string"}}],"inLanguage":"fr-FR"},{"@type":"Organization","@id":"https:\/\/fontcouvertetennis.fr\/site\/#organization","name":"Fontcouverte Tennis","url":"https:\/\/fontcouvertetennis.fr\/site\/","logo":{"@type":"ImageObject","inLanguage":"fr-FR","@id":"https:\/\/fontcouvertetennis.fr\/site\/#\/schema\/logo\/image\/","url":"https:\/\/i1.wp.com\/fontcouvertetennis.fr\/site\/wp-content\/uploads\/2017\/05\/fontcouvertetennis_petit-e1494704248107.jpg?fit=247%2C80&ssl=1","contentUrl":"https:\/\/i1.wp.com\/fontcouvertetennis.fr\/site\/wp-content\/uploads\/2017\/05\/fontcouvertetennis_petit-e1494704248107.jpg?fit=247%2C80&ssl=1","width":247,"height":80,"caption":"Fontcouverte Tennis"},"image":{"@id":"https:\/\/fontcouvertetennis.fr\/site\/#\/schema\/logo\/image\/"}}]}},"jetpack_shortlink":"https:\/\/wp.me\/P8JrhP-7R","jetpack_sharing_enabled":true,"_links":{"self":[{"href":"https:\/\/fontcouvertetennis.fr\/site\/wp-json\/wp\/v2\/pages\/487","targetHints":{"allow":["GET"]}}],"collection":[{"href":"https:\/\/fontcouvertetennis.fr\/site\/wp-json\/wp\/v2\/pages"}],"about":[{"href":"https:\/\/fontcouvertetennis.fr\/site\/wp-json\/wp\/v2\/types\/page"}],"author":[{"embeddable":true,"href":"https:\/\/fontcouvertetennis.fr\/site\/wp-json\/wp\/v2\/users\/1"}],"replies":[{"embeddable":true,"href":"https:\/\/fontcouvertetennis.fr\/site\/wp-json\/wp\/v2\/comments?post=487"}],"version-history":[{"count":28,"href":"https:\/\/fontcouvertetennis.fr\/site\/wp-json\/wp\/v2\/pages\/487\/revisions"}],"predecessor-version":[{"id":902,"href":"https:\/\/fontcouvertetennis.fr\/site\/wp-json\/wp\/v2\/pages\/487\/revisions\/902"}],"up":[{"embeddable":true,"href":"https:\/\/fontcouvertetennis.fr\/site\/wp-json\/wp\/v2\/pages\/496"}],"wp:attachment":[{"href":"https:\/\/fontcouvertetennis.fr\/site\/wp-json\/wp\/v2\/media?parent=487"}],"curies":[{"name":"wp","href":"https:\/\/api.w.org\/{rel}","templated":true}]}}