{"id":496,"date":"2017-10-15T19:26:13","date_gmt":"2017-10-15T17:26:13","guid":{"rendered":"https:\/\/fontcouvertetennis.fr\/site\/?page_id=496"},"modified":"2017-10-15T20:00:10","modified_gmt":"2017-10-15T18:00:10","slug":"competitions","status":"publish","type":"page","link":"https:\/\/fontcouvertetennis.fr\/site\/competitions\/","title":{"rendered":"Informations g\u00e9n\u00e9rales comp\u00e9titions"},"content":{"rendered":"<div id=\"pl-496\"  class=\"panel-layout\" ><div id=\"pg-496-0\"  class=\"panel-grid panel-no-style\" ><div id=\"pgc-496-0-0\"  class=\"panel-grid-cell\" ><div id=\"panel-496-0-0-0\" class=\"so-panel widget widget_sow-editor panel-first-child panel-last-child\" data-index=\"0\" ><div\n\t\t\t\n\t\t\tclass=\"so-widget-sow-editor so-widget-sow-editor-base\"\n\t\t\t\n\t\t><h3 class=\"widget-title\">Comp\u00e9titions jeunes<\/h3>\n<div class=\"siteorigin-widget-tinymce textwidget\">\n\t<p>Informations g\u00e9n\u00e9rales, classement, tournois jeunes, retrouvez tout ce dont vous avez besoin dans le Guide de la comp\u00e9tition jeune :<\/p>\n<div id=\"attachment_502\" style=\"width: 116px\" class=\"wp-caption aligncenter\"><a href=\"http:\/\/www.comite.fft.fr\/charente-maritime\/charente-maritime_d\/data_1\/pdf\/pl\/plaquette_guide_oct_mars_2018_bd.pdf\"><img data-attachment-id=\"502\" data-permalink=\"https:\/\/fontcouvertetennis.fr\/site\/competitions\/guidecompetjeunejpg\/#main\" data-orig-file=\"https:\/\/i0.wp.com\/fontcouvertetennis.fr\/site\/wp-content\/uploads\/2017\/10\/GuideCompetJeuneJPG.jpg?fit=479%2C680&amp;ssl=1\" data-orig-size=\"479,680\" data-comments-opened=\"0\" data-image-meta=\"{&quot;aperture&quot;:&quot;0&quot;,&quot;credit&quot;:&quot;Comit\\u00e9 de Tennis Charente-Maritime&quot;,&quot;camera&quot;:&quot;&quot;,&quot;caption&quot;:&quot;&quot;,&quot;created_timestamp&quot;:&quot;1504541531&quot;,&quot;copyright&quot;:&quot;&quot;,&quot;focal_length&quot;:&quot;0&quot;,&quot;iso&quot;:&quot;0&quot;,&quot;shutter_speed&quot;:&quot;0&quot;,&quot;title&quot;:&quot;&quot;,&quot;orientation&quot;:&quot;0&quot;}\" data-image-title=\"GuideCompetJeuneJPG\" data-image-description=\"\" data-image-caption=\"\" data-medium-file=\"https:\/\/i0.wp.com\/fontcouvertetennis.fr\/site\/wp-content\/uploads\/2017\/10\/GuideCompetJeuneJPG.jpg?fit=211%2C300&amp;ssl=1\" data-large-file=\"https:\/\/i0.wp.com\/fontcouvertetennis.fr\/site\/wp-content\/uploads\/2017\/10\/GuideCompetJeuneJPG.jpg?fit=479%2C680&amp;ssl=1\" aria-describedby=\"caption-attachment-502\" data-recalc-dims=\"1\" loading=\"lazy\" decoding=\"async\" class=\"wp-image-502\" src=\"https:\/\/i0.wp.com\/fontcouvertetennis.fr\/site\/wp-content\/uploads\/2017\/10\/GuideCompetJeuneJPG.jpg?resize=106%2C150&#038;ssl=1\" alt=\"\" width=\"106\" height=\"150\" srcset=\"https:\/\/i0.wp.com\/fontcouvertetennis.fr\/site\/wp-content\/uploads\/2017\/10\/GuideCompetJeuneJPG.jpg?resize=211%2C300&amp;ssl=1 211w, https:\/\/i0.wp.com\/fontcouvertetennis.fr\/site\/wp-content\/uploads\/2017\/10\/GuideCompetJeuneJPG.jpg?w=479&amp;ssl=1 479w\" sizes=\"auto, (max-width: 106px) 100vw, 106px\" \/><\/a><p id=\"caption-attachment-502\" class=\"wp-caption-text\">Guide la comp\u00e9tition jeune<\/p><\/div>\n<p>Tous les d\u00e9tails sur les cat\u00e9gories d'\u00e2ge \u00e9galement pr\u00e9sents dans ce poster :<\/p>\n<div id=\"attachment_504\" style=\"width: 160px\" class=\"wp-caption aligncenter\"><a href=\"https:\/\/fontcouvertetennis.fr\/site\/wp-content\/uploads\/2017\/10\/Evolution-Galaxie-Tennis-Comp\u00e9titions-jeunes-2017-2018.pdf\"><img aria-describedby=\"caption-attachment-504\" data-recalc-dims=\"1\" loading=\"lazy\" decoding=\"async\" class=\"wp-image-504 size-thumbnail\" src=\"https:\/\/i0.wp.com\/fontcouvertetennis.fr\/site\/wp-content\/uploads\/2017\/10\/Evolution-Galaxie-Tennis-Comp%C3%A9titions-jeunes-2017-2018-pdf.jpg?resize=150%2C84&#038;ssl=1\" srcset=\"\" alt=\"\" width=\"150\" height=\"84\" \/><\/a><p id=\"caption-attachment-504\" class=\"wp-caption-text\">Cat\u00e9gories d'\u00e2ge<\/p><\/div>\n<\/div>\n<\/div><\/div><\/div><\/div><div id=\"pg-496-1\"  class=\"panel-grid panel-no-style\" ><div id=\"pgc-496-1-0\"  class=\"panel-grid-cell\" ><div id=\"panel-496-1-0-0\" class=\"so-panel widget widget_sow-editor panel-first-child panel-last-child\" data-index=\"1\" ><div\n\t\t\t\n\t\t\tclass=\"so-widget-sow-editor so-widget-sow-editor-base\"\n\t\t\t\n\t\t><h3 class=\"widget-title\">Prochains tournois<\/h3>\n<div class=\"siteorigin-widget-tinymce textwidget\">\n\t<p>Retrouvez des tournois sur notre site :<\/p>\n<ul>\n<li><a href=\"https:\/\/fontcouvertetennis.fr\/site\/competitions\/tournois-jeunes\/\">Tournois Jeunes<\/a><\/li>\n<li><a href=\"https:\/\/fontcouvertetennis.fr\/site\/competitions\/tournois-senior\/\">Tournois Seniors<\/a><\/li>\n<\/ul>\n<\/div>\n<\/div><\/div><\/div><\/div><\/div>","protected":false},"excerpt":{"rendered":"<p>Informations g\u00e9n\u00e9rales, classement, tournois jeunes, retrouvez tout ce dont vous avez besoin dans le Guide de la comp\u00e9tition jeune : Tous les d\u00e9tails sur les cat\u00e9gories d&rsquo;\u00e2ge \u00e9galement pr\u00e9sents dans ce poster : Retrouvez des tournois sur notre site : Tournois Jeunes Tournois Seniors<\/p>\n","protected":false},"author":1,"featured_media":0,"parent":0,"menu_order":0,"comment_status":"closed","ping_status":"closed","template":"","meta":{"jetpack_post_was_ever_published":false,"footnotes":""},"class_list":["post-496","page","type-page","status-publish","hentry"],"yoast_head":"<!-- This site is optimized with the Yoast SEO plugin v25.4 - https:\/\/yoast.com\/wordpress\/plugins\/seo\/ -->\n<title>Informations g\u00e9n\u00e9rales comp\u00e9titions &#8211; Fontcouverte Tennis<\/title>\n<meta name=\"robots\" content=\"index, follow, max-snippet:-1, max-image-preview:large, max-video-preview:-1\" \/>\n<link rel=\"canonical\" href=\"https:\/\/fontcouvertetennis.fr\/site\/competitions\/\" \/>\n<meta property=\"og:locale\" content=\"fr_FR\" \/>\n<meta property=\"og:type\" content=\"article\" \/>\n<meta property=\"og:title\" content=\"Informations g\u00e9n\u00e9rales comp\u00e9titions &#8211; Fontcouverte Tennis\" \/>\n<meta property=\"og:description\" content=\"Informations g\u00e9n\u00e9rales, classement, tournois jeunes, retrouvez tout ce dont vous avez besoin dans le Guide de la comp\u00e9tition jeune : Tous les d\u00e9tails sur les cat\u00e9gories d&#039;\u00e2ge \u00e9galement pr\u00e9sents dans ce poster : Retrouvez des tournois sur notre site : Tournois Jeunes Tournois Seniors\" \/>\n<meta property=\"og:url\" content=\"https:\/\/fontcouvertetennis.fr\/site\/competitions\/\" \/>\n<meta property=\"og:site_name\" content=\"Fontcouverte Tennis\" \/>\n<meta property=\"article:modified_time\" content=\"2017-10-15T18:00:10+00:00\" \/>\n<meta property=\"og:image\" content=\"https:\/\/fontcouvertetennis.fr\/site\/wp-content\/uploads\/2017\/10\/GuideCompetJeuneJPG-150x150.jpg\" \/>\n<meta name=\"twitter:card\" content=\"summary_large_image\" \/>\n<script type=\"application\/ld+json\" class=\"yoast-schema-graph\">{\"@context\":\"https:\/\/schema.org\",\"@graph\":[{\"@type\":\"WebPage\",\"@id\":\"https:\/\/fontcouvertetennis.fr\/site\/competitions\/\",\"url\":\"https:\/\/fontcouvertetennis.fr\/site\/competitions\/\",\"name\":\"Informations g\u00e9n\u00e9rales comp\u00e9titions &#8211; Fontcouverte Tennis\",\"isPartOf\":{\"@id\":\"https:\/\/fontcouvertetennis.fr\/site\/#website\"},\"primaryImageOfPage\":{\"@id\":\"https:\/\/fontcouvertetennis.fr\/site\/competitions\/#primaryimage\"},\"image\":{\"@id\":\"https:\/\/fontcouvertetennis.fr\/site\/competitions\/#primaryimage\"},\"thumbnailUrl\":\"https:\/\/fontcouvertetennis.fr\/site\/wp-content\/uploads\/2017\/10\/GuideCompetJeuneJPG-150x150.jpg\",\"datePublished\":\"2017-10-15T17:26:13+00:00\",\"dateModified\":\"2017-10-15T18:00:10+00:00\",\"breadcrumb\":{\"@id\":\"https:\/\/fontcouvertetennis.fr\/site\/competitions\/#breadcrumb\"},\"inLanguage\":\"fr-FR\",\"potentialAction\":[{\"@type\":\"ReadAction\",\"target\":[\"https:\/\/fontcouvertetennis.fr\/site\/competitions\/\"]}]},{\"@type\":\"ImageObject\",\"inLanguage\":\"fr-FR\",\"@id\":\"https:\/\/fontcouvertetennis.fr\/site\/competitions\/#primaryimage\",\"url\":\"https:\/\/i0.wp.com\/fontcouvertetennis.fr\/site\/wp-content\/uploads\/2017\/10\/GuideCompetJeuneJPG.jpg?fit=479%2C680&ssl=1\",\"contentUrl\":\"https:\/\/i0.wp.com\/fontcouvertetennis.fr\/site\/wp-content\/uploads\/2017\/10\/GuideCompetJeuneJPG.jpg?fit=479%2C680&ssl=1\",\"width\":479,\"height\":680},{\"@type\":\"BreadcrumbList\",\"@id\":\"https:\/\/fontcouvertetennis.fr\/site\/competitions\/#breadcrumb\",\"itemListElement\":[{\"@type\":\"ListItem\",\"position\":1,\"name\":\"Accueil\",\"item\":\"https:\/\/fontcouvertetennis.fr\/site\/\"},{\"@type\":\"ListItem\",\"position\":2,\"name\":\"Informations g\u00e9n\u00e9rales comp\u00e9titions\"}]},{\"@type\":\"WebSite\",\"@id\":\"https:\/\/fontcouvertetennis.fr\/site\/#website\",\"url\":\"https:\/\/fontcouvertetennis.fr\/site\/\",\"name\":\"Fontcouverte Tennis\",\"description\":\"\",\"publisher\":{\"@id\":\"https:\/\/fontcouvertetennis.fr\/site\/#organization\"},\"potentialAction\":[{\"@type\":\"SearchAction\",\"target\":{\"@type\":\"EntryPoint\",\"urlTemplate\":\"https:\/\/fontcouvertetennis.fr\/site\/?s={search_term_string}\"},\"query-input\":{\"@type\":\"PropertyValueSpecification\",\"valueRequired\":true,\"valueName\":\"search_term_string\"}}],\"inLanguage\":\"fr-FR\"},{\"@type\":\"Organization\",\"@id\":\"https:\/\/fontcouvertetennis.fr\/site\/#organization\",\"name\":\"Fontcouverte Tennis\",\"url\":\"https:\/\/fontcouvertetennis.fr\/site\/\",\"logo\":{\"@type\":\"ImageObject\",\"inLanguage\":\"fr-FR\",\"@id\":\"https:\/\/fontcouvertetennis.fr\/site\/#\/schema\/logo\/image\/\",\"url\":\"https:\/\/i1.wp.com\/fontcouvertetennis.fr\/site\/wp-content\/uploads\/2017\/05\/fontcouvertetennis_petit-e1494704248107.jpg?fit=247%2C80&ssl=1\",\"contentUrl\":\"https:\/\/i1.wp.com\/fontcouvertetennis.fr\/site\/wp-content\/uploads\/2017\/05\/fontcouvertetennis_petit-e1494704248107.jpg?fit=247%2C80&ssl=1\",\"width\":247,\"height\":80,\"caption\":\"Fontcouverte Tennis\"},\"image\":{\"@id\":\"https:\/\/fontcouvertetennis.fr\/site\/#\/schema\/logo\/image\/\"}}]}<\/script>\n<!-- \/ Yoast SEO plugin. -->","yoast_head_json":{"title":"Informations g\u00e9n\u00e9rales comp\u00e9titions &#8211; Fontcouverte Tennis","robots":{"index":"index","follow":"follow","max-snippet":"max-snippet:-1","max-image-preview":"max-image-preview:large","max-video-preview":"max-video-preview:-1"},"canonical":"https:\/\/fontcouvertetennis.fr\/site\/competitions\/","og_locale":"fr_FR","og_type":"article","og_title":"Informations g\u00e9n\u00e9rales comp\u00e9titions &#8211; Fontcouverte Tennis","og_description":"Informations g\u00e9n\u00e9rales, classement, tournois jeunes, retrouvez tout ce dont vous avez besoin dans le Guide de la comp\u00e9tition jeune : Tous les d\u00e9tails sur les cat\u00e9gories d'\u00e2ge \u00e9galement pr\u00e9sents dans ce poster : Retrouvez des tournois sur notre site : Tournois Jeunes Tournois Seniors","og_url":"https:\/\/fontcouvertetennis.fr\/site\/competitions\/","og_site_name":"Fontcouverte Tennis","article_modified_time":"2017-10-15T18:00:10+00:00","og_image":[{"url":"https:\/\/fontcouvertetennis.fr\/site\/wp-content\/uploads\/2017\/10\/GuideCompetJeuneJPG-150x150.jpg","type":"","width":"","height":""}],"twitter_card":"summary_large_image","schema":{"@context":"https:\/\/schema.org","@graph":[{"@type":"WebPage","@id":"https:\/\/fontcouvertetennis.fr\/site\/competitions\/","url":"https:\/\/fontcouvertetennis.fr\/site\/competitions\/","name":"Informations g\u00e9n\u00e9rales comp\u00e9titions &#8211; Fontcouverte Tennis","isPartOf":{"@id":"https:\/\/fontcouvertetennis.fr\/site\/#website"},"primaryImageOfPage":{"@id":"https:\/\/fontcouvertetennis.fr\/site\/competitions\/#primaryimage"},"image":{"@id":"https:\/\/fontcouvertetennis.fr\/site\/competitions\/#primaryimage"},"thumbnailUrl":"https:\/\/fontcouvertetennis.fr\/site\/wp-content\/uploads\/2017\/10\/GuideCompetJeuneJPG-150x150.jpg","datePublished":"2017-10-15T17:26:13+00:00","dateModified":"2017-10-15T18:00:10+00:00","breadcrumb":{"@id":"https:\/\/fontcouvertetennis.fr\/site\/competitions\/#breadcrumb"},"inLanguage":"fr-FR","potentialAction":[{"@type":"ReadAction","target":["https:\/\/fontcouvertetennis.fr\/site\/competitions\/"]}]},{"@type":"ImageObject","inLanguage":"fr-FR","@id":"https:\/\/fontcouvertetennis.fr\/site\/competitions\/#primaryimage","url":"https:\/\/i0.wp.com\/fontcouvertetennis.fr\/site\/wp-content\/uploads\/2017\/10\/GuideCompetJeuneJPG.jpg?fit=479%2C680&ssl=1","contentUrl":"https:\/\/i0.wp.com\/fontcouvertetennis.fr\/site\/wp-content\/uploads\/2017\/10\/GuideCompetJeuneJPG.jpg?fit=479%2C680&ssl=1","width":479,"height":680},{"@type":"BreadcrumbList","@id":"https:\/\/fontcouvertetennis.fr\/site\/competitions\/#breadcrumb","itemListElement":[{"@type":"ListItem","position":1,"name":"Accueil","item":"https:\/\/fontcouvertetennis.fr\/site\/"},{"@type":"ListItem","position":2,"name":"Informations g\u00e9n\u00e9rales comp\u00e9titions"}]},{"@type":"WebSite","@id":"https:\/\/fontcouvertetennis.fr\/site\/#website","url":"https:\/\/fontcouvertetennis.fr\/site\/","name":"Fontcouverte Tennis","description":"","publisher":{"@id":"https:\/\/fontcouvertetennis.fr\/site\/#organization"},"potentialAction":[{"@type":"SearchAction","target":{"@type":"EntryPoint","urlTemplate":"https:\/\/fontcouvertetennis.fr\/site\/?s={search_term_string}"},"query-input":{"@type":"PropertyValueSpecification","valueRequired":true,"valueName":"search_term_string"}}],"inLanguage":"fr-FR"},{"@type":"Organization","@id":"https:\/\/fontcouvertetennis.fr\/site\/#organization","name":"Fontcouverte Tennis","url":"https:\/\/fontcouvertetennis.fr\/site\/","logo":{"@type":"ImageObject","inLanguage":"fr-FR","@id":"https:\/\/fontcouvertetennis.fr\/site\/#\/schema\/logo\/image\/","url":"https:\/\/i1.wp.com\/fontcouvertetennis.fr\/site\/wp-content\/uploads\/2017\/05\/fontcouvertetennis_petit-e1494704248107.jpg?fit=247%2C80&ssl=1","contentUrl":"https:\/\/i1.wp.com\/fontcouvertetennis.fr\/site\/wp-content\/uploads\/2017\/05\/fontcouvertetennis_petit-e1494704248107.jpg?fit=247%2C80&ssl=1","width":247,"height":80,"caption":"Fontcouverte Tennis"},"image":{"@id":"https:\/\/fontcouvertetennis.fr\/site\/#\/schema\/logo\/image\/"}}]}},"jetpack_shortlink":"https:\/\/wp.me\/P8JrhP-80","jetpack_sharing_enabled":true,"_links":{"self":[{"href":"https:\/\/fontcouvertetennis.fr\/site\/wp-json\/wp\/v2\/pages\/496","targetHints":{"allow":["GET"]}}],"collection":[{"href":"https:\/\/fontcouvertetennis.fr\/site\/wp-json\/wp\/v2\/pages"}],"about":[{"href":"https:\/\/fontcouvertetennis.fr\/site\/wp-json\/wp\/v2\/types\/page"}],"author":[{"embeddable":true,"href":"https:\/\/fontcouvertetennis.fr\/site\/wp-json\/wp\/v2\/users\/1"}],"replies":[{"embeddable":true,"href":"https:\/\/fontcouvertetennis.fr\/site\/wp-json\/wp\/v2\/comments?post=496"}],"version-history":[{"count":7,"href":"https:\/\/fontcouvertetennis.fr\/site\/wp-json\/wp\/v2\/pages\/496\/revisions"}],"predecessor-version":[{"id":512,"href":"https:\/\/fontcouvertetennis.fr\/site\/wp-json\/wp\/v2\/pages\/496\/revisions\/512"}],"wp:attachment":[{"href":"https:\/\/fontcouvertetennis.fr\/site\/wp-json\/wp\/v2\/media?parent=496"}],"curies":[{"name":"wp","href":"https:\/\/api.w.org\/{rel}","templated":true}]}}