{"id":571,"date":"2017-11-18T12:18:26","date_gmt":"2017-11-18T11:18:26","guid":{"rendered":"https:\/\/fontcouvertetennis.fr\/site\/?page_id=571"},"modified":"2019-04-20T11:27:25","modified_gmt":"2019-04-20T09:27:25","slug":"equipes","status":"publish","type":"page","link":"https:\/\/fontcouvertetennis.fr\/site\/competitions\/equipes\/","title":{"rendered":"Equipes"},"content":{"rendered":"<div id=\"pl-571\"  class=\"panel-layout\" ><div id=\"pg-571-0\"  class=\"panel-grid panel-no-style\" ><div id=\"pgc-571-0-0\"  class=\"panel-grid-cell\" ><div id=\"panel-571-0-0-0\" class=\"so-panel widget widget_sow-editor panel-first-child panel-last-child\" data-index=\"0\" ><div\n\t\t\t\n\t\t\tclass=\"so-widget-sow-editor so-widget-sow-editor-base\"\n\t\t\t\n\t\t>\n<div class=\"siteorigin-widget-tinymce textwidget\">\n\t<p>Retrouvez sur cette page le tableau des \u00e9quipes du club, rencontres \u00e0 venir et r\u00e9sultats pass\u00e9s. Suivez ainsi chaque semaine la progression des \u00e9quipes de Fontcouverte Tennis !<\/p>\n<p>A chaque rencontre son lot de surprises. Que l'issue soit favorable ou non, l'important est de passer un moment convivial et sportif.<\/p>\n<div id=\"attachment_588\" style=\"width: 310px\" class=\"wp-caption aligncenter\"><a href=\"https:\/\/fontcouvertetennis.fr\/site\/wp-content\/uploads\/2017\/11\/Equipes.pdf\"><img aria-describedby=\"caption-attachment-588\" data-recalc-dims=\"1\" loading=\"lazy\" decoding=\"async\" class=\"wp-image-588 size-medium\" src=\"https:\/\/i0.wp.com\/fontcouvertetennis.fr\/site\/wp-content\/uploads\/2017\/11\/Equipes-pdf-8.jpg?resize=300%2C212&#038;ssl=1\" srcset=\"\" alt=\"Tableau des \u00e9quipes\" width=\"300\" height=\"212\" \/><\/a><p id=\"caption-attachment-588\" class=\"wp-caption-text\"><strong>Cliquez pour agrandir le tableau des \u00e9quipes<\/strong><\/p><\/div>\n<\/div>\n<\/div><\/div><\/div><\/div><\/div>","protected":false},"excerpt":{"rendered":"<p>Retrouvez sur cette page le tableau des \u00e9quipes du club, rencontres \u00e0 venir et r\u00e9sultats pass\u00e9s. Suivez ainsi chaque semaine la progression des \u00e9quipes de Fontcouverte Tennis ! A chaque rencontre son lot de surprises. Que l&rsquo;issue soit favorable ou non, l&rsquo;important est de passer un moment convivial et sportif.<\/p>\n","protected":false},"author":1,"featured_media":0,"parent":496,"menu_order":0,"comment_status":"closed","ping_status":"closed","template":"","meta":{"jetpack_post_was_ever_published":false,"footnotes":""},"class_list":["post-571","page","type-page","status-publish","hentry"],"yoast_head":"<!-- This site is optimized with the Yoast SEO plugin v25.4 - https:\/\/yoast.com\/wordpress\/plugins\/seo\/ -->\n<title>Equipes &#8211; Fontcouverte Tennis<\/title>\n<meta name=\"description\" content=\"Retrouvez sur cette page les r\u00e9sultats des \u00e9quipes du club et les dates \u00e0 venir. C&#039;est l&#039;occasion d&#039;encourager les joueurs.\" \/>\n<meta name=\"robots\" content=\"index, follow, max-snippet:-1, max-image-preview:large, max-video-preview:-1\" \/>\n<link rel=\"canonical\" href=\"https:\/\/fontcouvertetennis.fr\/site\/competitions\/equipes\/\" \/>\n<meta property=\"og:locale\" content=\"fr_FR\" \/>\n<meta property=\"og:type\" content=\"article\" \/>\n<meta property=\"og:title\" content=\"Equipes &#8211; Fontcouverte Tennis\" \/>\n<meta property=\"og:description\" content=\"Retrouvez sur cette page les r\u00e9sultats des \u00e9quipes du club et les dates \u00e0 venir. C&#039;est l&#039;occasion d&#039;encourager les joueurs.\" \/>\n<meta property=\"og:url\" content=\"https:\/\/fontcouvertetennis.fr\/site\/competitions\/equipes\/\" \/>\n<meta property=\"og:site_name\" content=\"Fontcouverte Tennis\" \/>\n<meta property=\"article:modified_time\" content=\"2019-04-20T09:27:25+00:00\" \/>\n<meta property=\"og:image\" content=\"https:\/\/fontcouvertetennis.fr\/site\/wp-content\/uploads\/2017\/11\/Equipes-pdf-8-300x212.jpg\" \/>\n<meta name=\"twitter:card\" content=\"summary_large_image\" \/>\n<script type=\"application\/ld+json\" class=\"yoast-schema-graph\">{\"@context\":\"https:\/\/schema.org\",\"@graph\":[{\"@type\":\"WebPage\",\"@id\":\"https:\/\/fontcouvertetennis.fr\/site\/competitions\/equipes\/\",\"url\":\"https:\/\/fontcouvertetennis.fr\/site\/competitions\/equipes\/\",\"name\":\"Equipes &#8211; Fontcouverte Tennis\",\"isPartOf\":{\"@id\":\"https:\/\/fontcouvertetennis.fr\/site\/#website\"},\"primaryImageOfPage\":{\"@id\":\"https:\/\/fontcouvertetennis.fr\/site\/competitions\/equipes\/#primaryimage\"},\"image\":{\"@id\":\"https:\/\/fontcouvertetennis.fr\/site\/competitions\/equipes\/#primaryimage\"},\"thumbnailUrl\":\"https:\/\/fontcouvertetennis.fr\/site\/wp-content\/uploads\/2017\/11\/Equipes-pdf-8-300x212.jpg\",\"datePublished\":\"2017-11-18T11:18:26+00:00\",\"dateModified\":\"2019-04-20T09:27:25+00:00\",\"description\":\"Retrouvez sur cette page les r\u00e9sultats des \u00e9quipes du club et les dates \u00e0 venir. C'est l'occasion d'encourager les joueurs.\",\"breadcrumb\":{\"@id\":\"https:\/\/fontcouvertetennis.fr\/site\/competitions\/equipes\/#breadcrumb\"},\"inLanguage\":\"fr-FR\",\"potentialAction\":[{\"@type\":\"ReadAction\",\"target\":[\"https:\/\/fontcouvertetennis.fr\/site\/competitions\/equipes\/\"]}]},{\"@type\":\"ImageObject\",\"inLanguage\":\"fr-FR\",\"@id\":\"https:\/\/fontcouvertetennis.fr\/site\/competitions\/equipes\/#primaryimage\",\"url\":\"https:\/\/fontcouvertetennis.fr\/site\/wp-content\/uploads\/2017\/11\/Equipes-pdf-8-300x212.jpg\",\"contentUrl\":\"https:\/\/fontcouvertetennis.fr\/site\/wp-content\/uploads\/2017\/11\/Equipes-pdf-8-300x212.jpg\"},{\"@type\":\"BreadcrumbList\",\"@id\":\"https:\/\/fontcouvertetennis.fr\/site\/competitions\/equipes\/#breadcrumb\",\"itemListElement\":[{\"@type\":\"ListItem\",\"position\":1,\"name\":\"Accueil\",\"item\":\"https:\/\/fontcouvertetennis.fr\/site\/\"},{\"@type\":\"ListItem\",\"position\":2,\"name\":\"Informations g\u00e9n\u00e9rales comp\u00e9titions\",\"item\":\"https:\/\/fontcouvertetennis.fr\/site\/competitions\/\"},{\"@type\":\"ListItem\",\"position\":3,\"name\":\"Equipes\"}]},{\"@type\":\"WebSite\",\"@id\":\"https:\/\/fontcouvertetennis.fr\/site\/#website\",\"url\":\"https:\/\/fontcouvertetennis.fr\/site\/\",\"name\":\"Fontcouverte Tennis\",\"description\":\"\",\"publisher\":{\"@id\":\"https:\/\/fontcouvertetennis.fr\/site\/#organization\"},\"potentialAction\":[{\"@type\":\"SearchAction\",\"target\":{\"@type\":\"EntryPoint\",\"urlTemplate\":\"https:\/\/fontcouvertetennis.fr\/site\/?s={search_term_string}\"},\"query-input\":{\"@type\":\"PropertyValueSpecification\",\"valueRequired\":true,\"valueName\":\"search_term_string\"}}],\"inLanguage\":\"fr-FR\"},{\"@type\":\"Organization\",\"@id\":\"https:\/\/fontcouvertetennis.fr\/site\/#organization\",\"name\":\"Fontcouverte Tennis\",\"url\":\"https:\/\/fontcouvertetennis.fr\/site\/\",\"logo\":{\"@type\":\"ImageObject\",\"inLanguage\":\"fr-FR\",\"@id\":\"https:\/\/fontcouvertetennis.fr\/site\/#\/schema\/logo\/image\/\",\"url\":\"https:\/\/i1.wp.com\/fontcouvertetennis.fr\/site\/wp-content\/uploads\/2017\/05\/fontcouvertetennis_petit-e1494704248107.jpg?fit=247%2C80&ssl=1\",\"contentUrl\":\"https:\/\/i1.wp.com\/fontcouvertetennis.fr\/site\/wp-content\/uploads\/2017\/05\/fontcouvertetennis_petit-e1494704248107.jpg?fit=247%2C80&ssl=1\",\"width\":247,\"height\":80,\"caption\":\"Fontcouverte Tennis\"},\"image\":{\"@id\":\"https:\/\/fontcouvertetennis.fr\/site\/#\/schema\/logo\/image\/\"}}]}<\/script>\n<!-- \/ Yoast SEO plugin. -->","yoast_head_json":{"title":"Equipes &#8211; Fontcouverte Tennis","description":"Retrouvez sur cette page les r\u00e9sultats des \u00e9quipes du club et les dates \u00e0 venir. C'est l'occasion d'encourager les joueurs.","robots":{"index":"index","follow":"follow","max-snippet":"max-snippet:-1","max-image-preview":"max-image-preview:large","max-video-preview":"max-video-preview:-1"},"canonical":"https:\/\/fontcouvertetennis.fr\/site\/competitions\/equipes\/","og_locale":"fr_FR","og_type":"article","og_title":"Equipes &#8211; Fontcouverte Tennis","og_description":"Retrouvez sur cette page les r\u00e9sultats des \u00e9quipes du club et les dates \u00e0 venir. C'est l'occasion d'encourager les joueurs.","og_url":"https:\/\/fontcouvertetennis.fr\/site\/competitions\/equipes\/","og_site_name":"Fontcouverte Tennis","article_modified_time":"2019-04-20T09:27:25+00:00","og_image":[{"url":"https:\/\/fontcouvertetennis.fr\/site\/wp-content\/uploads\/2017\/11\/Equipes-pdf-8-300x212.jpg","type":"","width":"","height":""}],"twitter_card":"summary_large_image","schema":{"@context":"https:\/\/schema.org","@graph":[{"@type":"WebPage","@id":"https:\/\/fontcouvertetennis.fr\/site\/competitions\/equipes\/","url":"https:\/\/fontcouvertetennis.fr\/site\/competitions\/equipes\/","name":"Equipes &#8211; Fontcouverte Tennis","isPartOf":{"@id":"https:\/\/fontcouvertetennis.fr\/site\/#website"},"primaryImageOfPage":{"@id":"https:\/\/fontcouvertetennis.fr\/site\/competitions\/equipes\/#primaryimage"},"image":{"@id":"https:\/\/fontcouvertetennis.fr\/site\/competitions\/equipes\/#primaryimage"},"thumbnailUrl":"https:\/\/fontcouvertetennis.fr\/site\/wp-content\/uploads\/2017\/11\/Equipes-pdf-8-300x212.jpg","datePublished":"2017-11-18T11:18:26+00:00","dateModified":"2019-04-20T09:27:25+00:00","description":"Retrouvez sur cette page les r\u00e9sultats des \u00e9quipes du club et les dates \u00e0 venir. C'est l'occasion d'encourager les joueurs.","breadcrumb":{"@id":"https:\/\/fontcouvertetennis.fr\/site\/competitions\/equipes\/#breadcrumb"},"inLanguage":"fr-FR","potentialAction":[{"@type":"ReadAction","target":["https:\/\/fontcouvertetennis.fr\/site\/competitions\/equipes\/"]}]},{"@type":"ImageObject","inLanguage":"fr-FR","@id":"https:\/\/fontcouvertetennis.fr\/site\/competitions\/equipes\/#primaryimage","url":"https:\/\/fontcouvertetennis.fr\/site\/wp-content\/uploads\/2017\/11\/Equipes-pdf-8-300x212.jpg","contentUrl":"https:\/\/fontcouvertetennis.fr\/site\/wp-content\/uploads\/2017\/11\/Equipes-pdf-8-300x212.jpg"},{"@type":"BreadcrumbList","@id":"https:\/\/fontcouvertetennis.fr\/site\/competitions\/equipes\/#breadcrumb","itemListElement":[{"@type":"ListItem","position":1,"name":"Accueil","item":"https:\/\/fontcouvertetennis.fr\/site\/"},{"@type":"ListItem","position":2,"name":"Informations g\u00e9n\u00e9rales comp\u00e9titions","item":"https:\/\/fontcouvertetennis.fr\/site\/competitions\/"},{"@type":"ListItem","position":3,"name":"Equipes"}]},{"@type":"WebSite","@id":"https:\/\/fontcouvertetennis.fr\/site\/#website","url":"https:\/\/fontcouvertetennis.fr\/site\/","name":"Fontcouverte Tennis","description":"","publisher":{"@id":"https:\/\/fontcouvertetennis.fr\/site\/#organization"},"potentialAction":[{"@type":"SearchAction","target":{"@type":"EntryPoint","urlTemplate":"https:\/\/fontcouvertetennis.fr\/site\/?s={search_term_string}"},"query-input":{"@type":"PropertyValueSpecification","valueRequired":true,"valueName":"search_term_string"}}],"inLanguage":"fr-FR"},{"@type":"Organization","@id":"https:\/\/fontcouvertetennis.fr\/site\/#organization","name":"Fontcouverte Tennis","url":"https:\/\/fontcouvertetennis.fr\/site\/","logo":{"@type":"ImageObject","inLanguage":"fr-FR","@id":"https:\/\/fontcouvertetennis.fr\/site\/#\/schema\/logo\/image\/","url":"https:\/\/i1.wp.com\/fontcouvertetennis.fr\/site\/wp-content\/uploads\/2017\/05\/fontcouvertetennis_petit-e1494704248107.jpg?fit=247%2C80&ssl=1","contentUrl":"https:\/\/i1.wp.com\/fontcouvertetennis.fr\/site\/wp-content\/uploads\/2017\/05\/fontcouvertetennis_petit-e1494704248107.jpg?fit=247%2C80&ssl=1","width":247,"height":80,"caption":"Fontcouverte Tennis"},"image":{"@id":"https:\/\/fontcouvertetennis.fr\/site\/#\/schema\/logo\/image\/"}}]}},"jetpack_shortlink":"https:\/\/wp.me\/P8JrhP-9d","jetpack_sharing_enabled":true,"_links":{"self":[{"href":"https:\/\/fontcouvertetennis.fr\/site\/wp-json\/wp\/v2\/pages\/571","targetHints":{"allow":["GET"]}}],"collection":[{"href":"https:\/\/fontcouvertetennis.fr\/site\/wp-json\/wp\/v2\/pages"}],"about":[{"href":"https:\/\/fontcouvertetennis.fr\/site\/wp-json\/wp\/v2\/types\/page"}],"author":[{"embeddable":true,"href":"https:\/\/fontcouvertetennis.fr\/site\/wp-json\/wp\/v2\/users\/1"}],"replies":[{"embeddable":true,"href":"https:\/\/fontcouvertetennis.fr\/site\/wp-json\/wp\/v2\/comments?post=571"}],"version-history":[{"count":20,"href":"https:\/\/fontcouvertetennis.fr\/site\/wp-json\/wp\/v2\/pages\/571\/revisions"}],"predecessor-version":[{"id":974,"href":"https:\/\/fontcouvertetennis.fr\/site\/wp-json\/wp\/v2\/pages\/571\/revisions\/974"}],"up":[{"embeddable":true,"href":"https:\/\/fontcouvertetennis.fr\/site\/wp-json\/wp\/v2\/pages\/496"}],"wp:attachment":[{"href":"https:\/\/fontcouvertetennis.fr\/site\/wp-json\/wp\/v2\/media?parent=571"}],"curies":[{"name":"wp","href":"https:\/\/api.w.org\/{rel}","templated":true}]}}